{"id":5484,"date":"2023-06-14T09:56:05","date_gmt":"2023-06-14T07:56:05","guid":{"rendered":"https:\/\/canyon-corte.com\/?page_id=5484"},"modified":"2023-06-14T09:56:07","modified_gmt":"2023-06-14T07:56:07","slug":"impressum","status":"publish","type":"page","link":"https:\/\/canyon-corte.com\/de\/impressum","title":{"rendered":"Impressum"},"content":{"rendered":"\nGem\u00e4\u00df den Bestimmungen von Artikel 6-III und 19 des Gesetzes Nr. 2004-575 vom 21. Juni 2004 \u00fcber das Vertrauen in die digitale Wirtschaft, bekannt als L.C.E.N., stellen wir den Nutzern und Besuchern der Website <a href=\"http:\/\/canyon-corte.com\" target=\"_blank\" rel=\"noopener\">canyon-corte.com<\/a> folgende Informationen zur Verf\u00fcgung:\n\n<strong>HERAUSGEBER<\/strong>\n\nDie Website <a href=\"http:\/\/canyon-corte.com\" style=\"color: rgb(7, 130, 193); font-family: sans-serif, Arial, Verdana, \" target=\"_blank\" rel=\"noopener\">canyon-corte.com<\/a> ist das ausschlie\u00dfliche Eigentum von <strong>SAS <\/strong><strong>MADAME AGNES DONNET<\/strong>, die sie herausgibt.\n\n<strong>MADAME AGNES DONNET<\/strong><br \/>\n<strong>SAS <\/strong>mit einem Kapital von<strong> <\/strong><strong>0 <\/strong>\u20ac T\u00e9l: <strong>+33 960 370 842<\/strong>\n\n<strong>2 PL PAOLI <\/strong><strong>20250 CORTE<\/strong><br \/>\nEingetragen im Handelsregister von <strong>Bastia A 424 699 528 <\/strong>unter der Nummer<strong> <\/strong><strong>42469952800032<\/strong><strong> <\/strong>\n\nIntracommunautaire Umsatzsteuer-Identifikationsnummer: <strong>FR07424699528<\/strong><br \/>\nE-Mail-Adresse: <strong>info@altipiani.fr<\/strong> <br \/>\n<br \/>\nVerantwortlicher Herausgeber: <strong>AGNES DONNET<\/strong><br \/>\nKontaktieren Sie den verantwortlichen Herausgeber: <strong>info@altipiani.fr<\/strong>\n\n<strong>HOSTING<\/strong>\n\nDie Website wird gehostet von <strong>Infomaniak Infomaniak Network SA, Rue Eug\u00e8ne Marziano 25, 1227 Genf<\/strong>\n\n<strong>BESCHREIBUNG DER ANGEBOTENEN DIENSTE<\/strong>\n\nDie Website <a href=\"http:\/\/canyon-corte.com\" style=\"text-align: justify;\" target=\"_blank\" rel=\"noopener\">canyon-corte.com<\/a> hat zum Ziel, Informationen \u00fcber alle Aktivit\u00e4ten des Unternehmens bereitzustellen. Der Website-Betreiber bem\u00fcht sich, auf der Website <a href=\"http:\/\/canyon-corte.com\" style=\"text-align: justify;\" target=\"_blank\" rel=\"noopener\">canyon-corte.com<\/a> so genaue Informationen wie m\u00f6glich zur Verf\u00fcgung zu stellen. Er \u00fcbernimmt jedoch keine Verantwortung f\u00fcr Auslassungen, Ungenauigkeiten und M\u00e4ngel bei der Aktualisierung, sei es von ihm selbst oder von Drittparteien, die ihm diese Informationen zur Verf\u00fcgung stellen. Alle auf der Website <a href=\"http:\/\/canyon-corte.com\" style=\"text-align: justify;\" target=\"_blank\" rel=\"noopener\">canyon-corte.com<\/a> angebotenen Informationen sind unverbindlich, nicht vollst\u00e4ndig und k\u00f6nnen sich \u00e4ndern. Sie werden vorbehaltlich von \u00c4nderungen bereitgestellt, die seit ihrer Ver\u00f6ffentlichung vorgenommen wurden.\n\n<strong>GEISTIGES EIGENTUM UND URHEBERRECHTSVERLETZUNGEN<\/strong>\n\nDer Website-Betreiber ist Inhaber der geistigen Eigentumsrechte oder verf\u00fcgt \u00fcber die Nutzungsrechte an allen auf der Website zug\u00e4nglichen Elementen, insbesondere Texten, Bildern, Grafiken, Logos, Symbolen, Kl\u00e4ngen, Software usw. Jegliche Vervielf\u00e4ltigung, Darstellung, \u00c4nderung, Ver\u00f6ffentlichung oder Anpassung der Website-Elemente, unabh\u00e4ngig von der verwendeten Methode oder dem verwendeten Verfahren, ist untersagt, sofern keine vorherige schriftliche Genehmigung per E-Mail unter info@altipiani.fr vorliegt. Jede unbefugte Nutzung der Website oder eines dieser Elemente wird als Urheberrechtsverletzung angesehen und gem\u00e4\u00df den Bestimmungen der Artikel L.335-2 und folgende des geistigen Eigentumsrechts verfolgt.\n\n<strong>HYPERLINKS UND COOKIES<\/strong>\n\nDie Website <a href=\"http:\/\/canyon-corte.com\" style=\"text-align: justify;\" target=\"_blank\" rel=\"noopener\">canyon-corte.com<\/a> enth\u00e4lt eine Reihe von Hyperlinks zu anderen Websites (Partnern, Informationen usw.), die mit Genehmigung des Website-Betreibers eingerichtet wurden. Der Website-Betreiber hat jedoch keine M\u00f6glichkeit, den Inhalt der besuchten Websites zu \u00fcberpr\u00fcfen, und lehnt daher jegliche Verantwortung f\u00fcr m\u00f6gliche illegale Inhalte ab. Der Benutzer wird darauf hingewiesen, dass bei seinem Besuch auf der Website <a href=\"http:\/\/canyon-corte.com\" style=\"text-align: justify;\" target=\"_blank\" rel=\"noopener\">canyon-corte.com<\/a> ein oder mehrere Cookies automatisch auf seinem Computer installiert werden k\u00f6nnen. Ein Cookie ist eine kleine Datei, die keine Identifizierung des Benutzers erm\u00f6glicht, aber Informationen \u00fcber die Navigation eines Computers auf einer Website speichert. Die so erhaltenen Daten dienen dazu, die sp\u00e4tere Navigation auf der Website zu erleichtern und verschiedene Nutzungsstatistiken zu erm\u00f6glichen. Die Einstellungen der Browsersoftware erm\u00f6glichen es, auf die Anwesenheit von Cookies hinzuweisen und gegebenenfalls die Installation abzulehnen, wie unter der folgenden Adresse beschrieben: www.cnil.fr Die Ablehnung der Installation eines Cookies kann dazu f\u00fchren, dass bestimmte Dienste nicht zug\u00e4nglich sind. Der Benutzer kann jedoch seinen Computer wie folgt konfigurieren, um die Installation von Cookies abzulehnen: In Internet Explorer: Registerkarte &#8222;Extras&#8220; \/ &#8222;Internetoptionen&#8220;. Klicken Sie auf &#8222;Datenschutz&#8220; und w\u00e4hlen Sie &#8222;Alle Cookies blockieren&#8220;. Best\u00e4tigen Sie mit &#8222;OK&#8220;. In Netscape: Registerkarte &#8222;Bearbeiten&#8220; \/ &#8222;Einstellungen&#8220;. Klicken Sie auf &#8222;Erweitert&#8220; und w\u00e4hlen Sie &#8222;Cookies deaktivieren&#8220;. Best\u00e4tigen Sie mit &#8222;OK&#8220;.\n\n<strong>SCHUTZ VON EIGENTUM UND PERSONEN &#8211; VERWALTUNG PERSONENBEZOGENER DATEN<\/strong>\n\nBenutzer: Internetnutzer, der sich mit der oben genannten Website verbindet und sie nutzt: <a href=\"http:\/\/canyon-corte.com\" style=\"text-align: justify;\" target=\"_blank\" rel=\"noopener\">cany canyon-corte.com<\/a> In Frankreich werden personenbezogene Daten insbesondere durch das Gesetz Nr. 78-87 vom 6. Januar 1978, das Gesetz Nr. 2004-801 vom 6. August 2004, Artikel L. 226-13 des Strafgesetzbuchs und die Europ\u00e4ische Richtlinie vom 24. Oktober 1995 gesch\u00fctzt.\n\nAuf der Website <a href=\"http:\/\/canyon-corte.com\" style=\"text-align: justify;\" target=\"_blank\" rel=\"noopener\">canyon-corte.com<\/a> erhebt der Website-Betreiber nur personenbezogene Informationen \u00fcber den Benutzer, die f\u00fcr bestimmte von der Website <a href=\"http:\/\/canyon-corte.com\" style=\"text-align: justify;\" target=\"_blank\" rel=\"noopener\">canyon-corte.com<\/a> angebotene Dienste erforderlich sind. Der Benutzer gibt diese Informationen freiwillig ein, insbesondere wenn er sie selbst eingibt. Dem Benutzer der Website <a href=\"http:\/\/canyon-corte.com\" style=\"text-align: justify;\" target=\"_blank\" rel=\"noopener\">canyon-corte.com<\/a> wird angegeben, ob die Bereitstellung dieser Informationen obligatorisch oder optional ist. Gem\u00e4\u00df den Bestimmungen der Artikel 38 und folgende des Gesetzes Nr. 78-17 vom 6. Januar 1978 \u00fcber Informationstechnologie, Dateien und Freiheiten hat jeder Benutzer das Recht auf Zugang, Berichtigung, L\u00f6schung und Widerspruch gegen die ihn betreffenden personenbezogenen Daten. Um dieses Recht auszu\u00fcben, senden Sie Ihre Anfrage per E-Mail an <a href=\"http:\/\/canyon-corte.com\" style=\"text-align: justify;\" target=\"_blank\" rel=\"noopener\">canyon-corte.com<\/a>: E-Mail des Webmasters oder stellen Sie Ihre schriftliche und unterschriebene Anfrage zusammen mit einer Kopie Ihres Ausweisdokuments mit der Unterschrift des Ausweisinhabers, unter Angabe der Adresse, an die die Antwort gesendet werden soll.\n\nKeine personenbezogenen Informationen des Benutzers der Website <a href=\"http:\/\/canyon-corte.com\" style=\"text-align: justify;\" target=\"_blank\" rel=\"noopener\">canyon-corte.com<\/a> werden ohne sein Wissen ver\u00f6ffentlicht, ausgetauscht, \u00fcbertragen, weitergegeben oder auf irgendeinem Tr\u00e4ger an Dritte verkauft. Nur im Falle des Erwerbs der Website <a href=\"http:\/\/canyon-corte.com\" style=\"text-align: justify;\" target=\"_blank\" rel=\"noopener\">canyon-corte.com<\/a> durch den Website-Betreiber und seine Rechte w\u00fcrde die \u00dcbermittlung dieser Informationen an den potenziellen Erwerber erfolgen, der wiederum denselben Verpflichtungen zur Aufbewahrung und \u00c4nderung der Daten gegen\u00fcber dem Benutzer der Website <a href=\"http:\/\/canyon-corte.com\" style=\"text-align: justify;\" target=\"_blank\" rel=\"noopener\">canyon-corte.com<\/a> unterliegen w\u00fcrde.\n\nDie Website <a href=\"http:\/\/canyon-corte.com\" style=\"text-align: justify;\" target=\"_blank\" rel=\"noopener\">canyon-corte.com<\/a> entspricht der DSGVO. Weitere Informationen finden Sie in unserer Datenschutzerkl\u00e4rung unter <a href=\"https:\/\/canyon-corte.com\/politique-de-confidentialite\">https:\/\/canyon-corte.com\/politique-de-confidentialite<\/a>.\n\nDie Datenbanken sind durch die Bestimmungen des Gesetzes vom 1. Juli 1998 gesch\u00fctzt, das die Richtlinie 96\/9 vom 11. M\u00e4rz 1996 \u00fcber den rechtlichen Schutz von Datenbanken umsetzt.\n","protected":false},"excerpt":{"rendered":"<p>Gem\u00e4\u00df den Bestimmungen von Artikel 6-III und 19 des Gesetzes Nr. 2004-575 vom 21. Juni 2004 \u00fcber das Vertrauen in die digitale Wirtschaft, bekannt als L.C.E.N., stellen wir den Nutzern und Besuchern der Website canyon-corte.com folgende Informationen zur Verf\u00fcgung: HERAUSGEBER Die Website canyon-corte.com ist das ausschlie\u00dfliche Eigentum von SAS MADAME AGNES DONNET, die sie herausgibt. [&hellip;]<\/p>\n","protected":false},"author":1,"featured_media":0,"parent":0,"menu_order":0,"comment_status":"closed","ping_status":"closed","template":"","meta":{"footnotes":""},"class_list":["post-5484","page","type-page","status-publish","hentry"],"_links":{"self":[{"href":"https:\/\/canyon-corte.com\/de\/wp-json\/wp\/v2\/pages\/5484","targetHints":{"allow":["GET"]}}],"collection":[{"href":"https:\/\/canyon-corte.com\/de\/wp-json\/wp\/v2\/pages"}],"about":[{"href":"https:\/\/canyon-corte.com\/de\/wp-json\/wp\/v2\/types\/page"}],"author":[{"embeddable":true,"href":"https:\/\/canyon-corte.com\/de\/wp-json\/wp\/v2\/users\/1"}],"replies":[{"embeddable":true,"href":"https:\/\/canyon-corte.com\/de\/wp-json\/wp\/v2\/comments?post=5484"}],"version-history":[{"count":0,"href":"https:\/\/canyon-corte.com\/de\/wp-json\/wp\/v2\/pages\/5484\/revisions"}],"wp:attachment":[{"href":"https:\/\/canyon-corte.com\/de\/wp-json\/wp\/v2\/media?parent=5484"}],"curies":[{"name":"wp","href":"https:\/\/api.w.org\/{rel}","templated":true}]}}