{"id":4596,"date":"2022-08-04T15:23:25","date_gmt":"2022-08-04T13:23:25","guid":{"rendered":"https:\/\/canyon-corte.com\/?page_id=4596"},"modified":"2025-08-22T16:04:50","modified_gmt":"2025-08-22T14:04:50","slug":"entdecken-sie-altipiani","status":"publish","type":"page","link":"https:\/\/canyon-corte.com\/de\/entdecken-sie-altipiani","title":{"rendered":"Entdecken Sie Altipiani"},"content":{"rendered":"\t\t<div data-elementor-type=\"wp-page\" data-elementor-id=\"4596\" class=\"elementor elementor-4596 elementor-736\" data-elementor-post-type=\"page\">\n\t\t\t\t\t\t<section class=\"elementor-section elementor-top-section elementor-element elementor-element-c59c58c elementor-section-height-min-height elementor-section-boxed elementor-section-height-default elementor-section-items-middle\" data-id=\"c59c58c\" data-element_type=\"section\" data-e-type=\"section\" data-settings=\"{&quot;background_background&quot;:&quot;classic&quot;}\">\n\t\t\t\t\t\t<div class=\"elementor-container elementor-column-gap-default\">\n\t\t\t\t\t\t<\/div>\n\t\t<\/section>\n\t\t\t\t<section class=\"elementor-section elementor-top-section elementor-element elementor-element-ee5d0ff elementor-section-full_width elementor-section-height-default elementor-section-height-default\" data-id=\"ee5d0ff\" data-element_type=\"section\" data-e-type=\"section\">\n\t\t\t\t\t\t<div class=\"elementor-container elementor-column-gap-default\">\n\t\t\t\t\t<div class=\"elementor-column elementor-col-100 elementor-top-column elementor-element elementor-element-8188252\" data-id=\"8188252\" data-element_type=\"column\" data-e-type=\"column\">\n\t\t\t<div class=\"elementor-widget-wrap elementor-element-populated\">\n\t\t\t\t\t\t<div class=\"elementor-element elementor-element-b128a3e elementor-widget elementor-widget-heading\" data-id=\"b128a3e\" data-element_type=\"widget\" data-e-type=\"widget\" data-widget_type=\"heading.default\">\n\t\t\t\t<div class=\"elementor-widget-container\">\n\t\t\t\t\t<h1 class=\"elementor-heading-title elementor-size-default\">ALTIPIANI - CANYONING IN CORTE, DIE SCHLUCHTEN DES KORSISCHEN ZENTRUMS<\/h1>\t\t\t\t<\/div>\n\t\t\t\t<\/div>\n\t\t\t\t\t<\/div>\n\t\t<\/div>\n\t\t\t\t\t<\/div>\n\t\t<\/section>\n\t\t\t\t<section class=\"elementor-section elementor-top-section elementor-element elementor-element-adc2093 elementor-section-boxed elementor-section-height-default elementor-section-height-default\" data-id=\"adc2093\" data-element_type=\"section\" data-e-type=\"section\">\n\t\t\t\t\t\t<div class=\"elementor-container elementor-column-gap-default\">\n\t\t\t\t\t<div class=\"elementor-column elementor-col-100 elementor-top-column elementor-element elementor-element-cdc96da\" data-id=\"cdc96da\" data-element_type=\"column\" data-e-type=\"column\">\n\t\t\t<div class=\"elementor-widget-wrap elementor-element-populated\">\n\t\t\t\t\t\t<div class=\"elementor-element elementor-element-73338c2 elementor-widget elementor-widget-text-editor\" data-id=\"73338c2\" data-element_type=\"widget\" data-e-type=\"widget\" data-widget_type=\"text-editor.default\">\n\t\t\t\t<div class=\"elementor-widget-container\">\n\t\t\t\t\t\t\t\t\t<p class=\"western\" align=\"left\"><span style=\"color: #000000;\"><span style=\"font-family: Montserrat, serif;\"><span style=\"font-size: small;\">Altipiani ist eine familiengef\u00fchrte Agentur, die von Agn\u00e8s, einer Kletter-, Canyoning- und Wanderf\u00fchrerin, gegr\u00fcndet wurde.<\/span><\/span><\/span><\/p><p class=\"western\" align=\"left\"><span style=\"color: #000000;\"><span style=\"font-family: Montserrat, serif;\"><span style=\"font-size: small;\">Die Altipiani Agentur befindet sich in Corte, im Herzen der Berge Korsikas.<\/span><\/span><\/span><\/p><p class=\"western\" align=\"left\"><span style=\"color: #000000;\"><span style=\"font-family: Montserrat, serif;\"><span style=\"font-size: small;\">Wir sind auf die Entwicklung, Organisation und Betreuung von Natursportaktivit\u00e4ten spezialisiert:<\/span><\/span><\/span><\/p><ul><li class=\"western\"><span style=\"color: #000000;\"><span style=\"font-family: Montserrat, serif;\"><span style=\"font-size: small;\">Canyoning<\/span><\/span><\/span><\/li><li class=\"western\"><span style=\"color: #000000;\"><span style=\"font-family: Montserrat, serif;\"><span style=\"font-size: small;\">Klettern<\/span><\/span><\/span><\/li><li class=\"western\"><span style=\"color: #000000;\"><span style=\"font-family: Montserrat, serif;\"><span style=\"font-size: small;\">Elektrofahrrad (E-Bike)<\/span><\/span><\/span><\/li><li class=\"western\"><span style=\"color: #000000;\"><span style=\"font-family: Montserrat, serif;\"><span style=\"font-size: small;\">Wandern<\/span><\/span><\/span><\/li><li class=\"western\"><span style=\"color: #000000;\"><span style=\"font-family: Montserrat, serif;\"><span style=\"font-size: small;\">Aufenthalte mit mehreren Aktivit\u00e4ten und mit verschiedenen Themengebieten.<\/span><\/span><\/span><\/li><\/ul><p class=\"western\" align=\"left\"><span style=\"color: #000000;\"><span style=\"font-family: Montserrat, serif;\"><span style=\"font-size: small;\">Altipiani, ist auch ein Sportgesch\u00e4ft, das sich auf Bergsteigen, Klettern, Wandern und Canyoning spezialisiert hat.<\/span><\/span><\/span><\/p><p class=\"western\" align=\"left\"><span style=\"color: #000000;\"><span style=\"font-family: Montserrat, serif;\"><span style=\"font-size: small;\">Beim Canyoning :<\/span><\/span><\/span><\/p><p class=\"western\" align=\"left\"><span style=\"color: #000000;\"><span style=\"font-family: Montserrat, serif;\"><span style=\"font-size: small;\">T\u00e4gliche Desinfektion der Ausr\u00fcstung.<\/span><\/span><\/span><\/p><p class=\"western\" align=\"left\"><span style=\"color: #000000;\"><span style=\"font-family: Montserrat, serif;\"><span style=\"font-size: small;\">Seit 2020 wird ein neues Anti-COVID-Desinfektionsmittel verwendet. Es handelt sich um ein speziell auf Sportger\u00e4te abgestimmtes Desinfektionsmittel: Oksybio100-EcoSterix Sport.<\/span><\/span><\/span><\/p><p class=\"western\" align=\"left\"><span style=\"color: #000000;\"><span style=\"font-family: Montserrat, serif;\"><span style=\"font-size: small;\">Dieses Produkt erf\u00fcllt die Norm EN 14476 (Norm, die die Viruzidie gegen CoronaVirus best\u00e4tigt, Angaben des HCSP (Haut Conseil de la Sant\u00e9 Publique: Auszug aus der Stellungnahme 24-04-15, Seite 13)).<\/span><\/span><\/span><\/p><p class=\"western\" align=\"left\"><span style=\"color: #000000;\"><span style=\"font-family: Montserrat, serif;\"><span style=\"font-size: small;\">Verwendung von Material, das von sozial- und umweltvertr\u00e4glichen Unternehmen hergestellt wurde (Camaro, Waterproof, Mammut, La Sportiva, Petzl).<\/span><\/span><\/span><\/p><p class=\"western\" align=\"left\"><span style=\"color: #000000;\"><span style=\"font-family: Montserrat, serif;\"><span style=\"font-size: small;\">Wir sind die erste Agentur, die ihren Kunden spezielle Canyoning-Schuhe anbietet, die im Preis inbegriffen sind ohne Aufpreis.<\/span><\/span><\/span><\/p><p class=\"western\" align=\"left\"><span style=\"color: #000000;\"><span style=\"font-family: Montserrat, serif;\"><span style=\"font-size: small;\">Altipiani engagiert sich f\u00fcr den Schutz der Natur durch verschiedene Aktionen und unterst\u00fctzt Umweltschutzorganisationen (Mitgliedschaft und j\u00e4hrliche Spenden).<\/span><\/span><\/span><\/p><p class=\"western\" align=\"left\"><span style=\"color: #000000;\"><span style=\"font-family: Montserrat, serif;\"><span style=\"font-size: small;\">U Levante &#8211; Anerkannter korsischer Verband zum Schutz der Umwelt,<\/span><\/span><\/span><\/p><p class=\"western\" align=\"left\"><span style=\"color: #000000;\"><span style=\"font-family: Montserrat, serif;\"><span style=\"font-size: small;\">Mountain Wilderness &#8211; Nationaler anerkannter Umweltschutzverband,<\/span><\/span><\/span><\/p><p class=\"western\" align=\"left\"><span style=\"color: #000000;\"><span style=\"font-family: Montserrat, serif;\"><span style=\"font-size: small;\">Unterst\u00fctzung von NGOs, die sich mit sozialen und \u00f6kologischen Aspekten besch\u00e4ftigen:<\/span><\/span><\/span><\/p><ul><li class=\"western\"><span style=\"color: #000000;\"><span style=\"font-family: Montserrat, serif;\"><span style=\"font-size: small;\">Public Eye,<\/span><\/span><\/span><\/li><li class=\"western\"><span style=\"color: #000000;\"><span style=\"font-family: Montserrat, serif;\"><span style=\"font-size: small;\">Collectif Ethique sur l&#8217;Etiquette (Kollektiv f\u00fcr Ethik auf dem Etikett).<\/span><\/span><\/span><\/li><li class=\"western\"><span style=\"color: #000000;\"><span style=\"font-family: Montserrat, serif;\"><span style=\"font-size: small;\">Mitglied des Netzwerks \u00d6ko-Tourismus in Ostkorsika.<\/span><\/span><\/span><\/li><li class=\"western\"><span style=\"color: #000000;\"><span style=\"font-family: Montserrat, serif;\"><span style=\"font-size: small;\">Mitglied des Kollektivs Green Friday<\/span><\/span><\/span><\/li><\/ul>\t\t\t\t\t\t\t\t<\/div>\n\t\t\t\t<\/div>\n\t\t\t\t\t<\/div>\n\t\t<\/div>\n\t\t\t\t\t<\/div>\n\t\t<\/section>\n\t\t\t\t<\/div>\n\t\t","protected":false},"excerpt":{"rendered":"<p>ALTIPIANI &#8211; CANYONING IN CORTE, DIE SCHLUCHTEN DES KORSISCHEN ZENTRUMS Altipiani ist eine familiengef\u00fchrte Agentur, die von Agn\u00e8s, einer Kletter-, Canyoning- und Wanderf\u00fchrerin, gegr\u00fcndet wurde. Die Altipiani Agentur befindet sich in Corte, im Herzen der Berge Korsikas. Wir sind auf die Entwicklung, Organisation und Betreuung von Natursportaktivit\u00e4ten spezialisiert: Canyoning Klettern Elektrofahrrad (E-Bike) Wandern Aufenthalte mit [&hellip;]<\/p>\n","protected":false},"author":1,"featured_media":0,"parent":0,"menu_order":0,"comment_status":"closed","ping_status":"closed","template":"","meta":{"footnotes":""},"class_list":["post-4596","page","type-page","status-publish","hentry"],"_links":{"self":[{"href":"https:\/\/canyon-corte.com\/de\/wp-json\/wp\/v2\/pages\/4596","targetHints":{"allow":["GET"]}}],"collection":[{"href":"https:\/\/canyon-corte.com\/de\/wp-json\/wp\/v2\/pages"}],"about":[{"href":"https:\/\/canyon-corte.com\/de\/wp-json\/wp\/v2\/types\/page"}],"author":[{"embeddable":true,"href":"https:\/\/canyon-corte.com\/de\/wp-json\/wp\/v2\/users\/1"}],"replies":[{"embeddable":true,"href":"https:\/\/canyon-corte.com\/de\/wp-json\/wp\/v2\/comments?post=4596"}],"version-history":[{"count":0,"href":"https:\/\/canyon-corte.com\/de\/wp-json\/wp\/v2\/pages\/4596\/revisions"}],"wp:attachment":[{"href":"https:\/\/canyon-corte.com\/de\/wp-json\/wp\/v2\/media?parent=4596"}],"curies":[{"name":"wp","href":"https:\/\/api.w.org\/{rel}","templated":true}]}}