{"id":4588,"date":"2022-08-04T12:07:37","date_gmt":"2022-08-04T10:07:37","guid":{"rendered":"https:\/\/canyon-corte.com\/?page_id=4588"},"modified":"2022-08-04T15:22:21","modified_gmt":"2022-08-04T13:22:21","slug":"die-schwierigkeitsgrade-beim-canyoning","status":"publish","type":"page","link":"https:\/\/canyon-corte.com\/de\/die-schwierigkeitsgrade-beim-canyoning","title":{"rendered":"Die Schwierigkeitsgrade beim Canyoning"},"content":{"rendered":"\t\t<div data-elementor-type=\"wp-page\" data-elementor-id=\"4588\" class=\"elementor elementor-4588\" data-elementor-post-type=\"page\">\n\t\t\t\t\t\t<section class=\"elementor-section elementor-top-section elementor-element elementor-element-32b94b elementor-section-height-min-height elementor-section-content-middle elementor-section-boxed elementor-section-height-default elementor-section-items-middle\" data-id=\"32b94b\" data-element_type=\"section\" data-e-type=\"section\" data-settings=\"{&quot;background_background&quot;:&quot;classic&quot;}\">\n\t\t\t\t\t\t\t<div class=\"elementor-background-overlay\"><\/div>\n\t\t\t\t\t\t\t<div class=\"elementor-container elementor-column-gap-no\">\n\t\t\t\t\t<div class=\"elementor-column elementor-col-100 elementor-top-column elementor-element elementor-element-7dfe19a9\" data-id=\"7dfe19a9\" data-element_type=\"column\" data-e-type=\"column\">\n\t\t\t<div class=\"elementor-widget-wrap elementor-element-populated\">\n\t\t\t\t\t\t<div class=\"elementor-element elementor-element-4998bdee elementor-headline--style-rotate elementor-widget elementor-widget-animated-headline\" data-id=\"4998bdee\" data-element_type=\"widget\" data-e-type=\"widget\" data-settings=\"{&quot;headline_style&quot;:&quot;rotate&quot;,&quot;animation_type&quot;:&quot;slide&quot;,&quot;rotate_iteration_delay&quot;:2500}\" data-widget_type=\"animated-headline.default\">\n\t\t\t\t<div class=\"elementor-widget-container\">\n\t\t\t\t\t\t\t<h2 class=\"elementor-headline elementor-headline-animation-type-slide\">\n\t\t\t\t<span class=\"elementor-headline-dynamic-wrapper elementor-headline-text-wrapper\">\n\t\t\t\t<\/span>\n\t\t\t\t\t<span class=\"elementor-headline-plain-text elementor-headline-text-wrapper\">Die Schwierigkeitsgrade beim Canyoning <\/span>\n\t\t\t\t\t<\/h2>\n\t\t\t\t\t\t<\/div>\n\t\t\t\t<\/div>\n\t\t\t\t\t<\/div>\n\t\t<\/div>\n\t\t\t\t\t<\/div>\n\t\t<\/section>\n\t\t\t\t<section class=\"elementor-section elementor-top-section elementor-element elementor-element-3149ec79 elementor-section-boxed elementor-section-height-default elementor-section-height-default\" data-id=\"3149ec79\" data-element_type=\"section\" data-e-type=\"section\">\n\t\t\t\t\t\t<div class=\"elementor-container elementor-column-gap-default\">\n\t\t\t\t\t<div class=\"elementor-column elementor-col-100 elementor-top-column elementor-element elementor-element-34bf30df\" data-id=\"34bf30df\" data-element_type=\"column\" data-e-type=\"column\" data-settings=\"{&quot;background_background&quot;:&quot;classic&quot;}\">\n\t\t\t<div class=\"elementor-widget-wrap elementor-element-populated\">\n\t\t\t\t\t\t<div class=\"elementor-element elementor-element-76f00cfa elementor-widget elementor-widget-heading\" data-id=\"76f00cfa\" data-element_type=\"widget\" data-e-type=\"widget\" data-widget_type=\"heading.default\">\n\t\t\t\t<div class=\"elementor-widget-container\">\n\t\t\t\t\t<h2 class=\"elementor-heading-title elementor-size-default\">Altipiani bietet Ihnen verschiedene Canyoning-Touren in der Umgebung von Corte an<\/h2>\t\t\t\t<\/div>\n\t\t\t\t<\/div>\n\t\t\t\t<div class=\"elementor-element elementor-element-4be16585 elementor-widget elementor-widget-text-editor\" data-id=\"4be16585\" data-element_type=\"widget\" data-e-type=\"widget\" data-widget_type=\"text-editor.default\">\n\t\t\t\t<div class=\"elementor-widget-container\">\n\t\t\t\t\t\t\t\t\t<p>Wir haben die Schluchten in drei Stufen eingeteilt: Entdeckungs-Canyoning, Abenteuer-Canoyoning und Sport-Canyoning.<\/p><p>Nat\u00fcrlich sind diese Schwierigkeitsgrade subjektiv, denn wir befinden uns in einer nat\u00fcrlichen Umgebung. Der Schwierigkeitsgrad ein und desselben Canyoning-Tour kann je nach Wasserstand variieren. Die Einteilung soll Ihnen helfen, das Canyoning auszuw\u00e4hlen, das am besten zu Ihnen passt, damit Sie eine tolle Zeit haben.<\/p><p>Sie k\u00f6nnen sich auch an uns wenden, wir werden die Canyoning-Tour finden, die am besten zu Ihnen passt.<\/p><h4>Entdeckungs-Canyoning<\/h4><p>Canyoning mit dem Schwierigkeitsgrad &#8222;Entdeckung&#8220; erm\u00f6glicht es jedem, die Aktivit\u00e4t ohne Angst und auf spielerische Weise zu entdecken.<\/p><p>Diese Touren sind ideal f\u00fcr Familien mit kleinen Kindern oder f\u00fcr vorsichtige Menschen.<\/p><p>Das Entdeckungs-Canyoning ist eine Tour, in der wir uns wirklich Zeit nehmen.<\/p><p>Alle Aktivit\u00e4ten wie Spr\u00fcnge, Rutschen und Abseilen k\u00f6nnen umgangen werden.<\/p><p>In diesen Canyoning-Touren gibt es keine vorgeschriebenen Hindernisse.<\/p><p>Die durchschnittliche Dauer einer Aktivit\u00e4t betr\u00e4gt 3 Stunden.<\/p><p>Diese Ausfl\u00fcge sind f\u00fcr ein breites Publikum gedacht und werden Ihnen ein unvergessliches Erlebnis bescheren!<\/p><p>Altipiani bietet Ihnen je nach Jahreszeit zwei Entdeckungs-Canyoning-Touren an.<\/p><h4>Das Canyoning mit mittlerem Schwierigkeitsgrad-Abenteuer-Canyoning<\/h4><p>Dabei handelt es sich um Touren mit der M\u00f6glichkeit, gro\u00dfe Spr\u00fcnge zu machen oder zu rutschen.<\/p><p>Nat\u00fcrlich sind die Hindernisse progressiv und optional. Und vor allem: Spr\u00fcnge und Rutschen sind beim Canyoning NIEMALS obligatorisch!<\/p><p>Es kann jedoch erforderlich sein, ein Seil zu benutzen, um diese Hindernisse zu \u00fcberwinden (Seilrutsche oder Abseilen).<\/p><p>Die Dauer der Aktivit\u00e4t betr\u00e4gt etwa 4-5 Stunden.<\/p><h4>Sportliches Canyoning<\/h4><p>Dies ist eine ziemlich lange Canyon-Route. Sie m\u00fcssen kein Experte sein, wir bringen Ihnen die notwendigen Techniken bei. Wichtig ist, 5 bis 6 Stunden sportliche Aktivit\u00e4t durchf\u00fchren zu k\u00f6nnen.<br \/>Zum Beispiel ist die Abfahrt von Vecchio ein sehr sportlicher Kurs von seiner wilden Seite und schwer zug\u00e4nglich. Andererseits gibt es kein obligatorisches Hindernis: Es sind gro\u00dfe Spr\u00fcnge m\u00f6glich, aber alle Spr\u00fcnge des Canyons umgehen sich gegenseitig.<\/p>\t\t\t\t\t\t\t\t<\/div>\n\t\t\t\t<\/div>\n\t\t\t\t\t<\/div>\n\t\t<\/div>\n\t\t\t\t\t<\/div>\n\t\t<\/section>\n\t\t\t\t<section class=\"elementor-section elementor-top-section elementor-element elementor-element-2abc9772 elementor-section-content-middle elementor-section-boxed elementor-section-height-default elementor-section-height-default\" data-id=\"2abc9772\" data-element_type=\"section\" data-e-type=\"section\">\n\t\t\t\t\t\t<div class=\"elementor-container elementor-column-gap-no\">\n\t\t\t\t\t<div class=\"elementor-column elementor-col-100 elementor-top-column elementor-element elementor-element-5fb3b5ab\" data-id=\"5fb3b5ab\" data-element_type=\"column\" data-e-type=\"column\">\n\t\t\t<div class=\"elementor-widget-wrap elementor-element-populated\">\n\t\t\t\t\t\t<div class=\"elementor-element elementor-element-15f5f8a elementor-widget-divider--view-line elementor-widget elementor-widget-divider\" data-id=\"15f5f8a\" data-element_type=\"widget\" data-e-type=\"widget\" data-widget_type=\"divider.default\">\n\t\t\t\t<div class=\"elementor-widget-container\">\n\t\t\t\t\t\t\t<div class=\"elementor-divider\">\n\t\t\t<span class=\"elementor-divider-separator\">\n\t\t\t\t\t\t<\/span>\n\t\t<\/div>\n\t\t\t\t\t\t<\/div>\n\t\t\t\t<\/div>\n\t\t\t\t<div class=\"elementor-element elementor-element-53e3322a elementor-widget elementor-widget-heading\" data-id=\"53e3322a\" data-element_type=\"widget\" data-e-type=\"widget\" data-widget_type=\"heading.default\">\n\t\t\t\t<div class=\"elementor-widget-container\">\n\t\t\t\t\t<h2 class=\"elementor-heading-title elementor-size-default\">Das k\u00f6nnte Sie auch interessieren<\/h2>\t\t\t\t<\/div>\n\t\t\t\t<\/div>\n\t\t\t\t<div class=\"elementor-element elementor-element-11c062ad elementor-posts--align-center elementor-grid-3 elementor-grid-tablet-2 elementor-grid-mobile-1 elementor-posts--thumbnail-top elementor-posts__hover-gradient elementor-widget elementor-widget-posts\" data-id=\"11c062ad\" data-element_type=\"widget\" data-e-type=\"widget\" data-settings=\"{&quot;cards_columns&quot;:&quot;3&quot;,&quot;cards_columns_tablet&quot;:&quot;2&quot;,&quot;cards_columns_mobile&quot;:&quot;1&quot;,&quot;cards_row_gap&quot;:{&quot;unit&quot;:&quot;px&quot;,&quot;size&quot;:35,&quot;sizes&quot;:[]},&quot;cards_row_gap_tablet&quot;:{&quot;unit&quot;:&quot;px&quot;,&quot;size&quot;:&quot;&quot;,&quot;sizes&quot;:[]},&quot;cards_row_gap_mobile&quot;:{&quot;unit&quot;:&quot;px&quot;,&quot;size&quot;:&quot;&quot;,&quot;sizes&quot;:[]}}\" data-widget_type=\"posts.cards\">\n\t\t\t\t<div class=\"elementor-widget-container\">\n\t\t\t\t\t\t\t<div class=\"elementor-posts-container elementor-posts elementor-posts--skin-cards elementor-grid\" role=\"list\">\n\t\t\t\t<article class=\"elementor-post elementor-grid-item post-5484 page type-page status-publish hentry\" role=\"listitem\">\n\t\t\t<div class=\"elementor-post__card\">\n\t\t\t\t<div class=\"elementor-post__text\">\n\t\t\t\t<h3 class=\"elementor-post__title\">\n\t\t\t<a href=\"https:\/\/canyon-corte.com\/de\/impressum\" >\n\t\t\t\tImpressum\t\t\t<\/a>\n\t\t<\/h3>\n\t\t\n\t\t<a class=\"elementor-post__read-more\" href=\"https:\/\/canyon-corte.com\/de\/impressum\" aria-label=\"Mehr \u00fcber Impressum\" tabindex=\"-1\" >\n\t\t\tD\u00e9couvrir\t\t<\/a>\n\n\t\t\t\t<\/div>\n\t\t\t\t\t<\/div>\n\t\t<\/article>\n\t\t\t\t<article class=\"elementor-post elementor-grid-item post-4622 page type-page status-publish hentry\" role=\"listitem\">\n\t\t\t<div class=\"elementor-post__card\">\n\t\t\t\t<div class=\"elementor-post__text\">\n\t\t\t\t<h3 class=\"elementor-post__title\">\n\t\t\t<a href=\"https:\/\/canyon-corte.com\/de\/korb\" >\n\t\t\t\tKorb\t\t\t<\/a>\n\t\t<\/h3>\n\t\t\n\t\t<a class=\"elementor-post__read-more\" href=\"https:\/\/canyon-corte.com\/de\/korb\" aria-label=\"Mehr \u00fcber Korb\" tabindex=\"-1\" >\n\t\t\tD\u00e9couvrir\t\t<\/a>\n\n\t\t\t\t<\/div>\n\t\t\t\t\t<\/div>\n\t\t<\/article>\n\t\t\t\t<article class=\"elementor-post elementor-grid-item post-4614 page type-page status-publish hentry\" role=\"listitem\">\n\t\t\t<div class=\"elementor-post__card\">\n\t\t\t\t<div class=\"elementor-post__text\">\n\t\t\t\t<h3 class=\"elementor-post__title\">\n\t\t\t<a href=\"https:\/\/canyon-corte.com\/de\/entdeckungs-canyoning\" >\n\t\t\t\tENTDECKUNGS-CANYONING\t\t\t<\/a>\n\t\t<\/h3>\n\t\t\n\t\t<a class=\"elementor-post__read-more\" href=\"https:\/\/canyon-corte.com\/de\/entdeckungs-canyoning\" aria-label=\"Mehr \u00fcber ENTDECKUNGS-CANYONING\" tabindex=\"-1\" >\n\t\t\tD\u00e9couvrir\t\t<\/a>\n\n\t\t\t\t<\/div>\n\t\t\t\t\t<\/div>\n\t\t<\/article>\n\t\t\t\t<\/div>\n\t\t\n\t\t\t\t\t\t<\/div>\n\t\t\t\t<\/div>\n\t\t\t\t\t<\/div>\n\t\t<\/div>\n\t\t\t\t\t<\/div>\n\t\t<\/section>\n\t\t\t\t<\/div>\n\t\t","protected":false},"excerpt":{"rendered":"<p>Die Schwierigkeitsgrade beim Canyoning Altipiani bietet Ihnen verschiedene Canyoning-Touren in der Umgebung von Corte an Wir haben die Schluchten in drei Stufen eingeteilt: Entdeckungs-Canyoning, Abenteuer-Canoyoning<\/p>\n","protected":false},"author":1,"featured_media":0,"parent":0,"menu_order":0,"comment_status":"closed","ping_status":"closed","template":"","meta":{"footnotes":""},"class_list":["post-4588","page","type-page","status-publish","hentry"],"_links":{"self":[{"href":"https:\/\/canyon-corte.com\/de\/wp-json\/wp\/v2\/pages\/4588","targetHints":{"allow":["GET"]}}],"collection":[{"href":"https:\/\/canyon-corte.com\/de\/wp-json\/wp\/v2\/pages"}],"about":[{"href":"https:\/\/canyon-corte.com\/de\/wp-json\/wp\/v2\/types\/page"}],"author":[{"embeddable":true,"href":"https:\/\/canyon-corte.com\/de\/wp-json\/wp\/v2\/users\/1"}],"replies":[{"embeddable":true,"href":"https:\/\/canyon-corte.com\/de\/wp-json\/wp\/v2\/comments?post=4588"}],"version-history":[{"count":0,"href":"https:\/\/canyon-corte.com\/de\/wp-json\/wp\/v2\/pages\/4588\/revisions"}],"wp:attachment":[{"href":"https:\/\/canyon-corte.com\/de\/wp-json\/wp\/v2\/media?parent=4588"}],"curies":[{"name":"wp","href":"https:\/\/api.w.org\/{rel}","templated":true}]}}